{"id":102,"date":"2017-10-30T12:15:32","date_gmt":"2017-10-30T11:15:32","guid":{"rendered":"http:\/\/9vg3y.w4yserver.at\/?page_id=102"},"modified":"2024-11-18T12:17:10","modified_gmt":"2024-11-18T11:17:10","slug":"schuelerfreifahrt","status":"publish","type":"page","link":"https:\/\/www.hlwkrieglach.at\/hlwneu\/schuelerfreifahrt\/","title":{"rendered":"Sch\u00fclerfreifahrt"},"content":{"rendered":"<div class=\"wpb-content-wrapper\"><p>[vc_row][vc_column][vc_column_text css=&#8220;&#8220;]<\/p>\n<div id=\"pl-102\" class=\"panel-layout\">\n<div id=\"pg-102-0\" class=\"panel-grid panel-no-style\" data-style=\"{&quot;background_display&quot;:&quot;tile&quot;,&quot;cell_alignment&quot;:&quot;flex-start&quot;}\">\n<div id=\"pgc-102-0-0\" class=\"panel-grid-cell\" data-weight=\"1\">\n<div id=\"panel-102-0-0-0\" class=\"so-panel widget widget_sow-editor panel-first-child panel-last-child widgetopts-SO\" data-index=\"0\" data-style=\"{&quot;background_image_attachment&quot;:false,&quot;background_display&quot;:&quot;tile&quot;}\">\n<div class=\"so-widget-sow-editor so-widget-sow-editor-base\">\n<div class=\"siteorigin-widget-tinymce textwidget\">\n<p>Das Sch\u00fclerInnen-Ticket ist der &#8222;Freifahrausweis&#8220; f\u00fcr alle Sch\u00fcler_innen, die regelm\u00e4\u00dfig mit Verbundlinien zur Schule fahren. Daf\u00fcr ist pro Schuljahr ein Selbstbehalt von <strong>19,60 \u20ac<\/strong> zu bezahlen.<\/p>\n<p>Infos dazu sind auf der <a href=\"https:\/\/www.verbundlinie.at\/de\/schuelerlehrlinge\/tickets-fuer-die-ausbildung\/schuelerinnen-ticket\" target=\"_blank\" rel=\"noopener\">Seite der Verbund Linie<\/a> zu finden.<\/p>\n<\/div>\n<\/div>\n<\/div>\n<\/div>\n<\/div>\n<\/div>\n<p>[\/vc_column_text][\/vc_column][\/vc_row]<\/p>\n<\/div>","protected":false},"excerpt":{"rendered":"<p>[vc_row][vc_column][vc_column_text css=&#8220;&#8220;] Das Sch\u00fclerInnen-Ticket ist der &#8222;Freifahrausweis&#8220; f\u00fcr alle Sch\u00fcler_innen, die regelm\u00e4\u00dfig mit Verbundlinien zur Schule fahren. Daf\u00fcr ist pro Schuljahr ein Selbstbehalt von 19,60 \u20ac zu bezahlen. Infos dazu sind auf der Seite der Verbund Linie zu finden. [\/vc_column_text][\/vc_column][\/vc_row]<\/p>\n","protected":false},"author":1,"featured_media":0,"parent":0,"menu_order":0,"comment_status":"closed","ping_status":"closed","template":"","meta":{"footnotes":""},"class_list":["post-102","page","type-page","status-publish","hentry"],"_links":{"self":[{"href":"https:\/\/www.hlwkrieglach.at\/hlwneu\/wp-json\/wp\/v2\/pages\/102","targetHints":{"allow":["GET"]}}],"collection":[{"href":"https:\/\/www.hlwkrieglach.at\/hlwneu\/wp-json\/wp\/v2\/pages"}],"about":[{"href":"https:\/\/www.hlwkrieglach.at\/hlwneu\/wp-json\/wp\/v2\/types\/page"}],"author":[{"embeddable":true,"href":"https:\/\/www.hlwkrieglach.at\/hlwneu\/wp-json\/wp\/v2\/users\/1"}],"replies":[{"embeddable":true,"href":"https:\/\/www.hlwkrieglach.at\/hlwneu\/wp-json\/wp\/v2\/comments?post=102"}],"version-history":[{"count":12,"href":"https:\/\/www.hlwkrieglach.at\/hlwneu\/wp-json\/wp\/v2\/pages\/102\/revisions"}],"predecessor-version":[{"id":8483,"href":"https:\/\/www.hlwkrieglach.at\/hlwneu\/wp-json\/wp\/v2\/pages\/102\/revisions\/8483"}],"wp:attachment":[{"href":"https:\/\/www.hlwkrieglach.at\/hlwneu\/wp-json\/wp\/v2\/media?parent=102"}],"curies":[{"name":"wp","href":"https:\/\/api.w.org\/{rel}","templated":true}]}}