{"id":1223,"date":"2017-11-03T12:18:09","date_gmt":"2017-11-03T11:18:09","guid":{"rendered":"http:\/\/9vg3y.w4yserver.at\/?page_id=1223"},"modified":"2019-04-29T17:15:31","modified_gmt":"2019-04-29T15:15:31","slug":"ausbildung-zum-nordic-walking-uebungsleiter","status":"publish","type":"page","link":"https:\/\/www.hlwkrieglach.at\/hlwneu\/ausbildung-zum-nordic-walking-uebungsleiter\/","title":{"rendered":"Ausbildung zum Nordic-Walking-\u00dcbungsleiter\/in"},"content":{"rendered":"<div id=\"pl-1223\"  class=\"panel-layout\" >\n<div id=\"pg-1223-0\"  class=\"panel-grid panel-no-style\"  data-style=\"{&quot;background_display&quot;:&quot;tile&quot;,&quot;cell_alignment&quot;:&quot;flex-start&quot;}\" >\n<div id=\"pgc-1223-0-0\"  class=\"panel-grid-cell\"  data-weight=\"0.5\" >\n<div id=\"panel-1223-0-0-0\" class=\"so-panel widget widget_sow-image panel-first-child panel-last-child\" data-index=\"0\" data-style=\"{&quot;background_image_attachment&quot;:false,&quot;background_display&quot;:&quot;tile&quot;}\" >[siteorigin_widget class=&#8220;SiteOrigin_Widget_Image_Widget&#8220;]<input type=\"hidden\" value=\"{&quot;instance&quot;:{&quot;image&quot;:1870,&quot;image_fallback&quot;:&quot;&quot;,&quot;size&quot;:&quot;full&quot;,&quot;align&quot;:&quot;default&quot;,&quot;title&quot;:&quot;&quot;,&quot;title_position&quot;:&quot;hidden&quot;,&quot;alt&quot;:&quot;&quot;,&quot;url&quot;:&quot;&quot;,&quot;bound&quot;:true,&quot;_sow_form_id&quot;:&quot;59fc4ff496f86&quot;,&quot;_sow_form_timestamp&quot;:&quot;1510312310250&quot;,&quot;new_window&quot;:false,&quot;full_width&quot;:false,&quot;so_sidebar_emulator_id&quot;:&quot;sow-image-122310000&quot;,&quot;option_name&quot;:&quot;widget_sow-image&quot;},&quot;args&quot;:{&quot;before_widget&quot;:&quot;&lt;div id=\\&quot;panel-1223-0-0-0\\&quot; class=\\&quot;so-panel widget widget_sow-image panel-first-child panel-last-child\\&quot; data-index=\\&quot;0\\&quot; data-style=\\&quot;{&amp;quot;background_image_attachment&amp;quot;:false,&amp;quot;background_display&amp;quot;:&amp;quot;tile&amp;quot;}\\&quot; &gt;&quot;,&quot;after_widget&quot;:&quot;&lt;\\\/div&gt;&quot;,&quot;before_title&quot;:&quot;&lt;h3 class=\\&quot;widget-title\\&quot;&gt;&quot;,&quot;after_title&quot;:&quot;&lt;\\\/h3&gt;&quot;,&quot;widget_id&quot;:&quot;widget-0-0-0&quot;}}\" \/>[\/siteorigin_widget]<\/div>\n<\/div>\n<div id=\"pgc-1223-0-1\"  class=\"panel-grid-cell\"  data-weight=\"0.5\" >\n<div id=\"panel-1223-0-1-0\" class=\"so-panel widget widget_sow-editor panel-first-child panel-last-child widgetopts-SO\" data-index=\"1\" data-style=\"{&quot;background_image_attachment&quot;:false,&quot;background_display&quot;:&quot;tile&quot;}\" >\n<div class=\"so-widget-sow-editor so-widget-sow-editor-base\">\n<h3 class=\"widget-title\">Nordic-Walking-\u00dcbungsleiter\/in<\/h3>\n<div class=\"siteorigin-widget-tinymce textwidget\">\n<p>In 16 Stunden Theorie und Praxis lernst du die Schritte vom Walken zum Nordic Walken, die richtigen Gehtechniken im Gel\u00e4nde und in der Ebene, sowie die Geschichte dieser Sportart und die gesundheitlichen Aspekte von Nordic Walking.<\/p>\n<p>Die Pr\u00fcfung besteht aus einem schriftlichen theoretischen Teil und einem praktischen Teil in Form eines Lehrauftrittes.<\/p>\n<p>Kosten: 25,00 \u20ac (Pr\u00fcfungsunterlagen, Pr\u00fcfungsgeb\u00fchr und Zertifikat)<\/p>\n<p>Mit dem Zertifikat bist du berechtigt eigenst\u00e4ndig Gruppen jeden Alters zu f\u00fchren. Du kannst dieses Zertifikat auch den Bewerbungsunterlagen f\u00fcr dein Praktikum beilegen oder dich bei Gemeinden und Volkshochschulen bewerben.<\/p>\n<\/div>\n<\/div>\n<\/div>\n<\/div>\n<\/div>\n<\/div>\n","protected":false},"excerpt":{"rendered":"<p>[siteorigin_widget class=&#8220;SiteOrigin_Widget_Image_Widget&#8220;][\/siteorigin_widget] Nordic-Walking-\u00dcbungsleiter\/in In 16 Stunden Theorie und Praxis lernst du die Schritte vom Walken zum Nordic Walken, die richtigen Gehtechniken im Gel\u00e4nde und in der Ebene, sowie die Geschichte dieser Sportart und die gesundheitlichen Aspekte von Nordic Walking. Die Pr\u00fcfung besteht aus einem schriftlichen theoretischen Teil und einem praktischen Teil in Form eines Lehrauftrittes. [&hellip;]<\/p>\n","protected":false},"author":1,"featured_media":0,"parent":0,"menu_order":0,"comment_status":"closed","ping_status":"closed","template":"","meta":{"footnotes":""},"class_list":["post-1223","page","type-page","status-publish","hentry"],"_links":{"self":[{"href":"https:\/\/www.hlwkrieglach.at\/hlwneu\/wp-json\/wp\/v2\/pages\/1223","targetHints":{"allow":["GET"]}}],"collection":[{"href":"https:\/\/www.hlwkrieglach.at\/hlwneu\/wp-json\/wp\/v2\/pages"}],"about":[{"href":"https:\/\/www.hlwkrieglach.at\/hlwneu\/wp-json\/wp\/v2\/types\/page"}],"author":[{"embeddable":true,"href":"https:\/\/www.hlwkrieglach.at\/hlwneu\/wp-json\/wp\/v2\/users\/1"}],"replies":[{"embeddable":true,"href":"https:\/\/www.hlwkrieglach.at\/hlwneu\/wp-json\/wp\/v2\/comments?post=1223"}],"version-history":[{"count":12,"href":"https:\/\/www.hlwkrieglach.at\/hlwneu\/wp-json\/wp\/v2\/pages\/1223\/revisions"}],"predecessor-version":[{"id":3738,"href":"https:\/\/www.hlwkrieglach.at\/hlwneu\/wp-json\/wp\/v2\/pages\/1223\/revisions\/3738"}],"wp:attachment":[{"href":"https:\/\/www.hlwkrieglach.at\/hlwneu\/wp-json\/wp\/v2\/media?parent=1223"}],"curies":[{"name":"wp","href":"https:\/\/api.w.org\/{rel}","templated":true}]}}