{"id":1357,"date":"2017-11-05T21:01:38","date_gmt":"2017-11-05T20:01:38","guid":{"rendered":"http:\/\/9vg3y.w4yserver.at\/?page_id=1357"},"modified":"2023-09-09T20:48:55","modified_gmt":"2023-09-09T18:48:55","slug":"impressum","status":"publish","type":"page","link":"https:\/\/www.hlwkrieglach.at\/hlwneu\/impressum\/","title":{"rendered":"Impressum"},"content":{"rendered":"<div class=\"wpb-content-wrapper\"><p>[vc_row][vc_column][vc_column_text]<\/p>\n<div id=\"pl-1357\" class=\"panel-layout\">\n<div id=\"pg-1357-0\" class=\"panel-grid panel-no-style\" data-style=\"{&quot;background_display&quot;:&quot;tile&quot;,&quot;cell_alignment&quot;:&quot;flex-start&quot;}\">\n<div id=\"pgc-1357-0-0\" class=\"panel-grid-cell\" data-weight=\"1\">\n<div id=\"panel-1357-0-0-0\" class=\"so-panel widget widget_sow-editor panel-first-child panel-last-child\" data-index=\"0\" data-style=\"{&quot;background_image_attachment&quot;:false,&quot;background_display&quot;:&quot;tile&quot;}\">\n<div class=\"so-widget-sow-editor so-widget-sow-editor-base\">\n<div class=\"siteorigin-widget-tinymce textwidget\">\n<p class=\"content\"><strong>HLW Krieglach<\/strong><\/p>\n<p class=\"content\">Alter Sommer 4<br \/>\n8670 Krieglach<br \/>\n\u00d6sterreich<\/p>\n<p class=\"content\">Tel.: 05 0248 079<\/p>\n<p class=\"content\"><span id=\"7fcabfe4911afec8b5b8fd80ef54fc7b1cfad1d3\">E-Mail: sc&#104;&#117;&#108;&#101;&#x40;&#x68;&#x6c;&#x77;&#x6b;ri&#101;&#103;&#108;&#97;&#x63;&#x68;&#x2e;&#x61;&#x74; <\/span><\/p>\n<p class=\"content\"><span id=\"7fcabfe4911afec8b5b8fd80ef54fc7b1cfad1d3\">Schulkennzahl: 621429<\/span><\/p>\n<p>Prov. Schulleiter: DI(FH) Jochen T\u00e4ubl<\/p>\n<p class=\"rtejustify\">Es sind Links zu anderen Seiten im Internet gesetzt. F\u00fcr alle diese Links gilt: &#8222;Wir m\u00f6chten ausdr\u00fccklich betonen, dass wir keinerlei Einfluss auf die Gestaltung und die Inhalte der gelinkten Seiten haben. Deshalb distanzieren wir uns hiermit ausdr\u00fccklich von allen Inhalten aller gelinkten Seiten auf unserer Website inklusive aller Unterseiten. Diese Erkl\u00e4rung gilt f\u00fcr alle auf dieser Homepage ausgebrachten Links und f\u00fcr alle Inhalte der Seiten, zu denen Links und Banner f\u00fchren. Des Weiteren &#8211; und insbesondere &#8211; \u00fcbernehmen wir auch keine Verantwortung f\u00fcr den Download von Dateien von unserer Homepage, noch f\u00fcr etwaige Sch\u00e4den, die diese oder deren Benutzung an Computern, Eigentum und\/oder Ger\u00e4tschaften anderer verursachen k\u00f6nnten. Das gleiche gilt f\u00fcr Download von Dateien, zu denen Links auf unserer Homepage f\u00fchren k\u00f6nnen. Die Befolgung etwaiger Ratschl\u00e4ge und der Download etwaiger Dateien von dieser Website sowie von anderen von dieser Homepage gelinkten Websites geschieht auf eigene Verantwortung und Gefahr.&#8220;<\/p>\n<\/div>\n<\/div>\n<\/div>\n<\/div>\n<\/div>\n<\/div>\n<p>[\/vc_column_text][\/vc_column][\/vc_row]<\/p>\n<\/div>","protected":false},"excerpt":{"rendered":"<p>[vc_row][vc_column][vc_column_text] HLW Krieglach Alter Sommer 4 8670 Krieglach \u00d6sterreich Tel.: 05 0248 079 E-Mail: &#x73;&#x63;&#x68;&#x75;&#x6c;&#x65;&#x40;&#x68;&#x6c;&#x77;&#x6b;&#x72;&#x69;&#x65;&#x67;&#x6c;&#x61;&#x63;&#x68;&#x2e;&#x61;&#x74; Schulkennzahl: 621429 Prov. Schulleiter: DI(FH) Jochen T\u00e4ubl Es sind Links zu anderen Seiten im Internet gesetzt. F\u00fcr alle diese Links gilt: &#8222;Wir m\u00f6chten ausdr\u00fccklich betonen, dass wir keinerlei Einfluss auf die Gestaltung und die Inhalte der gelinkten Seiten haben. Deshalb [&hellip;]<\/p>\n","protected":false},"author":1,"featured_media":0,"parent":0,"menu_order":0,"comment_status":"closed","ping_status":"closed","template":"","meta":{"footnotes":""},"class_list":["post-1357","page","type-page","status-publish","hentry"],"_links":{"self":[{"href":"https:\/\/www.hlwkrieglach.at\/hlwneu\/wp-json\/wp\/v2\/pages\/1357","targetHints":{"allow":["GET"]}}],"collection":[{"href":"https:\/\/www.hlwkrieglach.at\/hlwneu\/wp-json\/wp\/v2\/pages"}],"about":[{"href":"https:\/\/www.hlwkrieglach.at\/hlwneu\/wp-json\/wp\/v2\/types\/page"}],"author":[{"embeddable":true,"href":"https:\/\/www.hlwkrieglach.at\/hlwneu\/wp-json\/wp\/v2\/users\/1"}],"replies":[{"embeddable":true,"href":"https:\/\/www.hlwkrieglach.at\/hlwneu\/wp-json\/wp\/v2\/comments?post=1357"}],"version-history":[{"count":6,"href":"https:\/\/www.hlwkrieglach.at\/hlwneu\/wp-json\/wp\/v2\/pages\/1357\/revisions"}],"predecessor-version":[{"id":7747,"href":"https:\/\/www.hlwkrieglach.at\/hlwneu\/wp-json\/wp\/v2\/pages\/1357\/revisions\/7747"}],"wp:attachment":[{"href":"https:\/\/www.hlwkrieglach.at\/hlwneu\/wp-json\/wp\/v2\/media?parent=1357"}],"curies":[{"name":"wp","href":"https:\/\/api.w.org\/{rel}","templated":true}]}}