{"id":21,"date":"2017-10-30T11:46:01","date_gmt":"2017-10-30T10:46:01","guid":{"rendered":"http:\/\/9vg3y.w4yserver.at\/?page_id=21"},"modified":"2019-04-24T09:29:40","modified_gmt":"2019-04-24T07:29:40","slug":"jobangebote","status":"publish","type":"page","link":"https:\/\/www.hlwkrieglach.at\/hlwneu\/jobangebote\/","title":{"rendered":"JOBANGEBOTE"},"content":{"rendered":"\n<table id=\"tablepress-11\" class=\"tablepress tablepress-id-11\">\n<thead>\n<tr class=\"row-1\">\n\t<th class=\"column-1\">Unternehmen<\/th><th class=\"column-2\">Beschreibung<\/th><th class=\"column-3\">Weitere Details<\/th><th class=\"column-4\">Datum<\/th>\n<\/tr>\n<\/thead>\n<tbody class=\"row-striping row-hover\">\n<tr class=\"row-2\">\n\t<td class=\"column-1\">CONTAX<br \/>\nWirtschaftstreuhandgmbh<\/td><td class=\"column-2\">Accountant (m\/w\/d)<\/td><td class=\"column-3\"><a href=https:\/\/www.hlwkrieglach.at\/hlwneu\/wp-content\/uploads\/2021\/05\/Inserat-BH-f\u00fcr-Schulen-52021.pdf\" target=\"_blank\" rel=\"noopener noreferrer\">Link zur Ausschreibung<\/a><\/td><td class=\"column-4\">11. Mai 2021<\/td>\n<\/tr>\n<tr class=\"row-3\">\n\t<td class=\"column-1\">Dr. Anita Gebeshuber Langenwang<\/td><td class=\"column-2\">Engargierte, freundliche und lernwillige Ordinationsassistentin f\u00fcr 25h\/Woche<\/td><td class=\"column-3\">Das T\u00e4tigkeitsfeld w\u00fcrde einerseits administrative Arbeiten (Anmeldung, Rezeptausgabe usw.) sowie medizinische T\u00e4tigkeiten umfassen (Infusionen zubereiten, Hilfe bei Verbandswechsel usw.)<\/td><td class=\"column-4\">25.04.2021<\/td>\n<\/tr>\n<tr class=\"row-4\">\n\t<td class=\"column-1\">Gasthof Stocker Krieglach<\/td><td class=\"column-2\">Servicepersonal &amp; Lehrlinge f\u00fcr das Service<\/td><td class=\"column-3\"><a href=\"https:\/\/www.hlwkrieglach.at\/hlwneu\/wp-content\/uploads\/2021\/04\/JOBS-April-2021.pdf\" target=\"_blank\" rel=\"noopener noreferrer\">Link zur Ausschreibung<\/a><\/td><td class=\"column-4\">21.04.2021<\/td>\n<\/tr>\n<tr class=\"row-5\">\n\t<td class=\"column-1\">Rohrer Group<\/td><td class=\"column-2\">Mitarbeiter\/in Controlling (w\/m\/d)<\/td><td class=\"column-3\"><a href=\"https:\/\/www.hlwkrieglach.at\/hlwneu\/wp-content\/uploads\/2021\/04\/Controlling-2021.pdf\" target=\"_blank\" rel=\"noopener noreferrer\">Link zur Ausschreibung<\/a><\/td><td class=\"column-4\">20.04.2021<\/td>\n<\/tr>\n<tr class=\"row-6\">\n\t<td class=\"column-1\">Spedition Huber<br \/>\nSt. Lorenzen<\/td><td class=\"column-2\">Speditionskaufmann\/Disponent (w\/m)<\/td><td class=\"column-3\"><a href=\"https:\/\/www.hlwkrieglach.at\/hlwneu\/wp-content\/uploads\/2021\/04\/Stellenanzeige-Speditionskaufmann-bzw.-Disponent.pdf\" target=\"_blank\" rel=\"noopener noreferrer\">Link zur Ausschreibung<\/a><\/td><td class=\"column-4\">15.04.2021<\/td>\n<\/tr>\n<tr class=\"row-7\">\n\t<td class=\"column-1\"><img decoding=\"async\" src=\"https:\/\/www.hlwkrieglach.at\/hlwneu\/wp-content\/uploads\/2021\/03\/Ausschreibungstext_Bruck_Mur-Vermessungstechniker_in.jpg\" height=\"80\" alt=\"Hotel Sonngastein\"><\/td><td class=\"column-2\">Lehrberuf Vermessungstechniker\/in (Lehre mit Matura)<\/td><td class=\"column-3\"><a href=https:\/\/www.hlwkrieglach.at\/hlwneu\/wp-content\/uploads\/2021\/03\/Ausschreibungstext_Bruck_Mur-Vermessungstechniker_in.pdf\" rel=\"noopener noreferrer\" target=\"_blank\">Link zur Ausschreibung<\/a><\/td><td class=\"column-4\">16.03.2021<\/td>\n<\/tr>\n<tr class=\"row-8\">\n\t<td class=\"column-1\"><img decoding=\"async\" src=\"https:\/\/www.hlwkrieglach.at\/hlwneu\/wp-content\/uploads\/2021\/03\/Hotel_Sonngastein.jpg\" height=\"100\" alt=\"Hotel Sonngastein\"><\/td><td class=\"column-2\">2 PraktikantInnen im Service\/1 PraktikantIn in der K\u00fcche<\/td><td class=\"column-3\"><a href=\"https:\/\/www.hlwkrieglach.at\/hlwneu\/wp-content\/uploads\/2021\/03\/Aushang-Praktikum-Service_K\u00fcche-Sommer-2021.pdf\" rel=\"noopener noreferrer\" target=\"_blank\">Link zur Ausschreibung<\/a><\/td><td class=\"column-4\">09.03.2021<\/td>\n<\/tr>\n<tr class=\"row-9\">\n\t<td class=\"column-1\"><\/td><td class=\"column-2\">Eine Lehre als Koch oder K\u00f6chin beim SHV Bruck-M\u00fcrzzuschlag<\/td><td class=\"column-3\"><a href=\"https:\/\/www.sozialhilfeverband.at\/young-jobs---lehrstellen.html\" rel=\"noopener noreferrer\" target=\"_blank\">Link zur Ausschreibung<\/a><\/td><td class=\"column-4\">19.02.2021<\/td>\n<\/tr>\n<tr class=\"row-10\">\n\t<td class=\"column-1\"><\/td><td class=\"column-2\">Eine(n) freunliche(n) und engagierte(n) Lehrling f\u00fcr Ordination Dr. Klopf in Langenwang<\/td><td class=\"column-3\">Bewerbung bitte an: i&#110;&#x66;&#x6f;&#64;&#100;&#114;&#x2d;&#x6b;l&#111;&#x70;&#x66;&#46;&#97;&#116;<\/td><td class=\"column-4\">17.02.2021<\/td>\n<\/tr>\n<tr class=\"row-11\">\n\t<td class=\"column-1\"><\/td><td class=\"column-2\">Lern- uns Sozialbetreuer\/in f\u00fcr das Lerncafe M\u00fcrzzuschlag<\/td><td class=\"column-3\"><a href=\"https:\/\/www.hlwkrieglach.at\/hlwneu\/wp-content\/uploads\/2020\/02\/Ausschreibung_2020_Februar_Muerzzuschlag.pdf\" target=\"_blank\" rel=\"noopener noreferrer\">Link zur Ausschreibung<\/a><\/td><td class=\"column-4\">20.02.2020<\/td>\n<\/tr>\n<tr class=\"row-12\">\n\t<td class=\"column-1\"><img decoding=\"async\" src=\"https:\/\/www.hlwkrieglach.at\/hlwneu\/wp-content\/uploads\/2020\/01\/logokages.png\" height=\"100\" alt=\"Kages\"><\/td><td class=\"column-2\">Lehrling B\u00fcrokaufmann\/-frau f\u00fcr Standort Bruck\/Mur<\/td><td class=\"column-3\"><a href=\"https:\/\/www.hlwkrieglach.at\/hlwneu\/wp-content\/uploads\/2020\/01\/AusschreibungLehrlingBuerokaufmannLKHBruck.pdf\" target=\"_blank\" rel=\"noopener noreferrer\">Link zur Ausschreibung<\/a><\/td><td class=\"column-4\">13.01.2020<\/td>\n<\/tr>\n<tr class=\"row-13\">\n\t<td class=\"column-1\"><img decoding=\"async\" src=\"https:\/\/www.hlwkrieglach.at\/hlwneu\/wp-content\/uploads\/2019\/12\/lbg-logo.png\" width=\"100\" alt=\"Beyne GmbH\"><\/td><td class=\"column-2\">Absolventin f\u00fcr Agrar\u00f6konomie \/ Digitalisierung<\/td><td class=\"column-3\"><a href=\"https:\/\/www.hlwkrieglach.at\/hlwneu\/wp-content\/uploads\/2019\/12\/LBG_AgraroekonomieDigitalisierung.pdf\" target=\"_blank\" rel=\"noopener noreferrer\">Link zur Ausschreibung<\/a><\/td><td class=\"column-4\">09.12.2019<\/td>\n<\/tr>\n<tr class=\"row-14\">\n\t<td class=\"column-1\"><img decoding=\"async\" src=\"https:\/\/www.hlwkrieglach.at\/hlwneu\/wp-content\/uploads\/2019\/12\/lbg-logo.png\" width=\"100\" alt=\"Beyne GmbH\"><\/td><td class=\"column-2\">Absolventin f\u00fcr Buchhaltung<\/td><td class=\"column-3\"><a href=\"https:\/\/www.hlwkrieglach.at\/hlwneu\/wp-content\/uploads\/2019\/12\/LBG_Absolvent-in-f\u00fcr-Buchaltung.pdf\" target=\"_blank\" rel=\"noopener noreferrer\">Link zur Ausschreibung<\/a><\/td><td class=\"column-4\">09.12.2019<\/td>\n<\/tr>\n<\/tbody>\n<\/table>\n\n\n\n","protected":false},"excerpt":{"rendered":"UnternehmenBeschreibungWeitere DetailsDatum CONTAX WirtschaftstreuhandgmbhAccountant (m\/w\/d)Link zur Ausschreibung16.03.2021 2 PraktikantInnen im Service\/1 PraktikantIn in der K\u00fccheLink zur Ausschreibung09.03.2021 Eine Lehre als Koch oder K\u00f6chin beim SHV Bruck-M\u00fcrzzuschlagLink zur Ausschreibung19.02.2021 Eine(n) freunliche(n) und engagierte(n) Lehrling f\u00fcr Ordination Dr. Klopf in LangenwangBewerbung bitte an: info&#64;dr-klopf&#46;at17.02.2021 Lern- uns Sozialbetreuer\/in f\u00fcr das Lerncafe M\u00fcrzzuschlagLink zur Ausschreibung20.02.2020 Lehrling B\u00fcrokaufmann\/-frau f\u00fcr Standort [...]","protected":false},"author":1,"featured_media":0,"parent":0,"menu_order":0,"comment_status":"closed","ping_status":"closed","template":"","meta":{"footnotes":""},"class_list":["post-21","page","type-page","status-publish","hentry"],"_links":{"self":[{"href":"https:\/\/www.hlwkrieglach.at\/hlwneu\/wp-json\/wp\/v2\/pages\/21","targetHints":{"allow":["GET"]}}],"collection":[{"href":"https:\/\/www.hlwkrieglach.at\/hlwneu\/wp-json\/wp\/v2\/pages"}],"about":[{"href":"https:\/\/www.hlwkrieglach.at\/hlwneu\/wp-json\/wp\/v2\/types\/page"}],"author":[{"embeddable":true,"href":"https:\/\/www.hlwkrieglach.at\/hlwneu\/wp-json\/wp\/v2\/users\/1"}],"replies":[{"embeddable":true,"href":"https:\/\/www.hlwkrieglach.at\/hlwneu\/wp-json\/wp\/v2\/comments?post=21"}],"version-history":[{"count":3,"href":"https:\/\/www.hlwkrieglach.at\/hlwneu\/wp-json\/wp\/v2\/pages\/21\/revisions"}],"predecessor-version":[{"id":3579,"href":"https:\/\/www.hlwkrieglach.at\/hlwneu\/wp-json\/wp\/v2\/pages\/21\/revisions\/3579"}],"wp:attachment":[{"href":"https:\/\/www.hlwkrieglach.at\/hlwneu\/wp-json\/wp\/v2\/media?parent=21"}],"curies":[{"name":"wp","href":"https:\/\/api.w.org\/{rel}","templated":true}]}}