{"id":3200,"date":"2019-02-08T18:37:51","date_gmt":"2019-02-08T17:37:51","guid":{"rendered":"http:\/\/9vg3y.w4yserver.at\/?page_id=3200"},"modified":"2022-09-06T15:40:44","modified_gmt":"2022-09-06T13:40:44","slug":"datenschutzerklaerung","status":"publish","type":"page","link":"https:\/\/www.hlwkrieglach.at\/hlwneu\/datenschutzerklaerung\/","title":{"rendered":"Datenschutzerkl\u00e4rung"},"content":{"rendered":"<div class=\"wpb-content-wrapper\"><p>[vc_row][vc_column][vc_column_text]Der Schutz Ihrer pers\u00f6nlichen Daten ist uns ein besonderes Anliegen. Wir verarbeiten Ihre Daten daher ausschlie\u00dflich auf Grundlage der gesetzlichen Bestimmungen (DSGVO, TKG 2003). In diesen Datenschutzinformationen informieren wir Sie \u00fcber die wichtigsten Aspekte der Datenverarbeitung im Rahmen unserer Website.<\/p>\n<p><strong>Kontakt mit uns<\/strong><\/p>\n<p>Wenn Sie per Formular auf der Website oder per E-Mail Kontakt mit uns aufnehmen, werden Ihre angegebenen Daten zwecks Bearbeitung der Anfrage und f\u00fcr den Fall von Anschlussfragen bei uns gespeichert. Diese Daten geben wir nicht ohne Ihre Einwilligung weiter.<\/p>\n<p><strong>Cookies<\/strong><\/p>\n<p>Unsere Website verwendet so genannte Cookies. Dabei handelt es sich um kleine Textdateien, die mit Hilfe des Browsers auf Ihrem Endger\u00e4t abgelegt werden. Sie richten keinen Schaden an.<\/p>\n<p>Wir nutzen Cookies dazu, unser Angebot nutzerfreundlich zu gestalten. Einige Cookies bleiben auf Ihrem Endger\u00e4t gespeichert, bis Sie diese l\u00f6schen. Sie erm\u00f6glichen es uns, Ihren Browser beim n\u00e4chsten Besuch wiederzuerkennen.<\/p>\n<p>Wenn Sie dies nicht w\u00fcnschen, so k\u00f6nnen Sie Ihren Browser so einrichten, dass er Sie \u00fcber das Setzen von Cookies informiert und Sie dies nur im Einzelfall erlauben.<\/p>\n<p>Bei der Deaktivierung von Cookies kann die Funktionalit\u00e4t unserer Website eingeschr\u00e4nkt sein.<\/p>\n<p>&nbsp;<\/p>\n<p><strong>YouTube<\/strong><\/p>\n<p>Unsere Website nutzt Plugins von YouTube, einem Tochterunternehmen von Google. Der Betreiber der Seiten ist YouTube LLC, 901 Cherry Ave., San Bruno, CA 94066, USA. Wenn Sie eine Seite mit einem YouTube Video besuchen, wird eine Verbindung mit YouTube aufgebaut. Damit wird der YouTube Server informiert, welche Seiten Sie besucht haben.<\/p>\n<p>Wenn Sie in Ihren YouTube Account eingeloggt sind, kann YouTube Ihre Browseraktivit\u00e4ten auch mit Ihrem pers\u00f6nlichen Profil in Verbindung bringen. Das k\u00f6nnen Sie durch das ausloggen aus Ihrem YouTube Account verhindern.<\/p>\n<p>YouTube hilft uns, unsere Aktivit\u00e4ten zu pr\u00e4sentieren. Das stellt ein berechtigtes Interesse im Sinne von Art. 6 (1) (f) DSGVO dar. Weitere Informationen finden Sie in der Datenschutzerkl\u00e4rung von YouTube unter <a href=\"https:\/\/www.google.de\/intl\/de\/policies\/privacy\">https:\/\/www.google.de\/intl\/de\/policies\/privacy<\/a>.<\/p>\n<p>&nbsp;<\/p>\n<p><strong>Google Maps<\/strong><\/p>\n<p>Diese Webseite verwendet Google Maps f\u00fcr die Darstellung von Karteninformationen. Bei der Nutzung von Google Maps werden von Google auch Daten \u00fcber die Nutzung der Maps-Funktionen durch Besucher der Webseiten verarbeitet und genutzt.\u00a0Weitere Informationen \u00fcber die Datenverarbeitung durch Google k\u00f6nnen Sie den Hinweisen zum Datenschutz von Google auf <a href=\"https:\/\/www.google.at\/intl\/de\/policies\/privacy\/\">https:\/\/www.google.at\/intl\/de\/policies\/privacy\/\u00a0<\/a> entnehmen. Dort k\u00f6nnen Sie im Datenschutz-Center auch Ihre Einstellungen ver\u00e4ndern, sodass Sie Ihre Daten verwalten und sch\u00fctzen k\u00f6nnen.<\/p>\n<p><strong>Security Logs<\/strong><br \/>\nDie IP Adresse von Besuchern und die User ID von eingeloggten Usern mit Usernamen werden bei Loginversuchen tempor\u00e4r gespeichert um verd\u00e4chtige Aktivit\u00e4ten zu erkennen und diesen entgegenzuwirken. Beispielsweise werden Loginversuche, Logoutversuche, Aufrufe von verd\u00e4chtigen URLS , \u00c4nderungen von Websiteinhalten und Passwort\u00e4nderungen f\u00fcr 60 Tage gespeichert. Diese Seite wird durch den iThemes Sites Scanner regelm\u00e4\u00dfig auf potentielle Schadsoftware und Besch\u00e4digungen gescannt. Dieser scan enth\u00e4lt keine pers\u00f6nlichen Daten.\u00a0 Diese Seite ist damit Teil eines Netzwerkes, das Websites gegen Brute force Attacken sch\u00fctzt. Um diesen Schutz zu erm\u00f6glihcen, wird die IP Adresse von Besuchern, die sich versuchen einzuloggen protokolliert. Details dazu finden Sie auch in der <a href=\"https:\/\/ithemes.com\/privacy-policy\">iThemes Privacy Policy<\/a>.<\/p>\n<p>&nbsp;<\/p>\n<p><strong>Sie erreichen uns unter folgenden Kontaktdaten<\/strong>:<\/p>\n<p><em>HLW Krieglach, Alter Sommer 4, 8670 Krieglach | s&#99;&#x68;&#x75;l&#101;&#x40;&#x68;l&#119;&#x6b;&#x72;i&#101;&#x67;&#x6c;a&#99;&#x68;&#x2e;a&#116; | +43 5 0248 079<br \/>\n<\/em>[\/vc_column_text][\/vc_column][\/vc_row]<\/p>\n<\/div>","protected":false},"excerpt":{"rendered":"<p>[vc_row][vc_column][vc_column_text]Der Schutz Ihrer pers\u00f6nlichen Daten ist uns ein besonderes Anliegen. Wir verarbeiten Ihre Daten daher ausschlie\u00dflich auf Grundlage der gesetzlichen Bestimmungen (DSGVO, TKG 2003). In diesen Datenschutzinformationen informieren wir Sie \u00fcber die wichtigsten Aspekte der Datenverarbeitung im Rahmen unserer Website. Kontakt mit uns Wenn Sie per Formular auf der Website oder per E-Mail Kontakt mit [&hellip;]<\/p>\n","protected":false},"author":1,"featured_media":0,"parent":0,"menu_order":0,"comment_status":"closed","ping_status":"closed","template":"","meta":{"footnotes":""},"class_list":["post-3200","page","type-page","status-publish","hentry"],"_links":{"self":[{"href":"https:\/\/www.hlwkrieglach.at\/hlwneu\/wp-json\/wp\/v2\/pages\/3200","targetHints":{"allow":["GET"]}}],"collection":[{"href":"https:\/\/www.hlwkrieglach.at\/hlwneu\/wp-json\/wp\/v2\/pages"}],"about":[{"href":"https:\/\/www.hlwkrieglach.at\/hlwneu\/wp-json\/wp\/v2\/types\/page"}],"author":[{"embeddable":true,"href":"https:\/\/www.hlwkrieglach.at\/hlwneu\/wp-json\/wp\/v2\/users\/1"}],"replies":[{"embeddable":true,"href":"https:\/\/www.hlwkrieglach.at\/hlwneu\/wp-json\/wp\/v2\/comments?post=3200"}],"version-history":[{"count":4,"href":"https:\/\/www.hlwkrieglach.at\/hlwneu\/wp-json\/wp\/v2\/pages\/3200\/revisions"}],"predecessor-version":[{"id":6783,"href":"https:\/\/www.hlwkrieglach.at\/hlwneu\/wp-json\/wp\/v2\/pages\/3200\/revisions\/6783"}],"wp:attachment":[{"href":"https:\/\/www.hlwkrieglach.at\/hlwneu\/wp-json\/wp\/v2\/media?parent=3200"}],"curies":[{"name":"wp","href":"https:\/\/api.w.org\/{rel}","templated":true}]}}