{"id":4994,"date":"2020-06-29T08:58:50","date_gmt":"2020-06-29T06:58:50","guid":{"rendered":"https:\/\/www.hlwkrieglach.at\/hlwneu\/?page_id=4994"},"modified":"2020-06-29T08:58:51","modified_gmt":"2020-06-29T06:58:51","slug":"windows-10-fuer-sus","status":"publish","type":"page","link":"https:\/\/www.hlwkrieglach.at\/hlwneu\/windows-10-fuer-sus\/","title":{"rendered":"Windows 10 f\u00fcr SuS"},"content":{"rendered":"\n<p>F\u00fcr die HLW Krieglach und das Mediendesign Kolleg Krieglach wurde ein Web-Store eingerichtet, bei dem Windows 10 Education gratis erh\u00e4ltlich ist.<\/p>\n\n\n\n<p> F\u00fcr den Download sind folgende Schritte durchzuf\u00fchren (Anleitung folgt)<\/p>\n\n\n\n<p><a href=\"https:\/\/hlwkrieglach.onthehub.com\/WebStore\/ProductsByMajorVersionList.aspx?cmi_cs=1&amp;cmi_mnuMain=f189368a-f0a6-e811-8109-000d3af41938\" target=\"_blank\" rel=\"noreferrer noopener\" aria-label=\"Anmelden beim Web-Store (\u00f6ffnet in neuem Tab)\">Anmelden beim Web-Store<\/a> (wie bei Office 365). <\/p>\n","protected":false},"excerpt":{"rendered":"<p>F\u00fcr die HLW Krieglach und das Mediendesign Kolleg Krieglach wurde ein Web-Store eingerichtet, bei dem Windows 10 Education gratis erh\u00e4ltlich ist. F\u00fcr den Download sind folgende Schritte durchzuf\u00fchren (Anleitung folgt) Anmelden beim Web-Store (wie bei Office 365).<\/p>\n","protected":false},"author":1,"featured_media":0,"parent":0,"menu_order":0,"comment_status":"closed","ping_status":"closed","template":"","meta":{"footnotes":""},"class_list":["post-4994","page","type-page","status-publish","hentry"],"_links":{"self":[{"href":"https:\/\/www.hlwkrieglach.at\/hlwneu\/wp-json\/wp\/v2\/pages\/4994","targetHints":{"allow":["GET"]}}],"collection":[{"href":"https:\/\/www.hlwkrieglach.at\/hlwneu\/wp-json\/wp\/v2\/pages"}],"about":[{"href":"https:\/\/www.hlwkrieglach.at\/hlwneu\/wp-json\/wp\/v2\/types\/page"}],"author":[{"embeddable":true,"href":"https:\/\/www.hlwkrieglach.at\/hlwneu\/wp-json\/wp\/v2\/users\/1"}],"replies":[{"embeddable":true,"href":"https:\/\/www.hlwkrieglach.at\/hlwneu\/wp-json\/wp\/v2\/comments?post=4994"}],"version-history":[{"count":1,"href":"https:\/\/www.hlwkrieglach.at\/hlwneu\/wp-json\/wp\/v2\/pages\/4994\/revisions"}],"predecessor-version":[{"id":4995,"href":"https:\/\/www.hlwkrieglach.at\/hlwneu\/wp-json\/wp\/v2\/pages\/4994\/revisions\/4995"}],"wp:attachment":[{"href":"https:\/\/www.hlwkrieglach.at\/hlwneu\/wp-json\/wp\/v2\/media?parent=4994"}],"curies":[{"name":"wp","href":"https:\/\/api.w.org\/{rel}","templated":true}]}}