{"id":5752,"date":"2015-07-02T05:10:48","date_gmt":"2015-07-02T03:10:48","guid":{"rendered":"http:\/\/stylemixthemes.com\/masterstudy\/demo\/?page_id=889"},"modified":"2024-11-18T11:32:56","modified_gmt":"2024-11-18T10:32:56","slug":"1-jaehrige-fachschule","status":"publish","type":"page","link":"https:\/\/www.hlwkrieglach.at\/hlwneu\/ausbildung\/1-jaehrige-fachschule\/","title":{"rendered":"1-j\u00e4hrige Fachschule f\u00fcr wirtschaftliche Berufe"},"content":{"rendered":"<div class=\"wpb-content-wrapper\"><p>[vc_row css=&#8220;.vc_custom_1435816078010{margin-bottom: 15px !important;}&#8220;][vc_column width=&#8220;1\/2&#8243;][vc_column_text css=&#8220;.vc_custom_1661842838569{margin-bottom: 32px !important;}&#8220;]<\/p>\n<h3>Schwerpunkte<\/h3>\n<p>Die 1-j\u00e4hrige Fachschule f\u00fcr wirtschaftliche Berufe ist deine optimale Vorbereitung f\u00fcr den Berufseinstieg. W\u00e4hrend des Schuljahres kannst du zwei Schulwochen berufspraktische Tage in Betrieben absolvieren und so verschiedenste Berufe hautnah erleben.[\/vc_column_text][vc_separator color=&#8220;orange&#8220; align=&#8220;align_left&#8220; border_width=&#8220;3&#8243; el_width=&#8220;30&#8243;][vc_column_text css=&#8220;.vc_custom_1661843647464{margin-bottom: 32px !important;}&#8220;]<\/p>\n<h3>Was erwartet dich?<\/h3>\n<ul>\n<li>eine attraktive Alternative zur Polytechnischen Schule<\/li>\n<li>wirtschaftliche und politische Bildung<\/li>\n<li>praktisches Arbeiten in der Lehr- und Gro\u00dfk\u00fcche<\/li>\n<li>Jobcoaching durch externe Experten<\/li>\n<li>ERSTE-HILFE-KURS\u00a0im Ausma\u00df von 16 Stunden, der auch f\u00fcr den F\u00fchrerschein gilt<\/li>\n<li>Sch\u00fcler*innen mit sonderp\u00e4dagogischem F\u00f6rderbedarf (SPF) werden im Teamteaching unterrichtet<\/li>\n<\/ul>\n<p>[\/vc_column_text][vc_separator color=&#8220;orange&#8220; align=&#8220;align_left&#8220; border_width=&#8220;3&#8243; el_width=&#8220;30&#8243;][vc_custom_heading text=&#8220;Highlights der Ausbildung&#8220; font_container=&#8220;tag:h3|text_align:left&#8220; google_fonts=&#8220;font_family:Montserrat%3Aregular%2C700|font_style:700%20bold%20regular%3A700%3Anormal&#8220; css=&#8220;.vc_custom_1661842446475{margin-bottom: 20px !important;}&#8220;][stm_icon_box title_holder=&#8220;h4&#8243; hover_pos=&#8220;none&#8220; icon=&#8220;fab fa-searchengin&#8220; icon_size=&#8220;30&#8243; icon_align=&#8220;left&#8220; icon_width=&#8220;35&#8243; icon_color=&#8220;#eab830&#8243; box_text_color=&#8220;#555555&#8243; css=&#8220;.vc_custom_1662447645117{margin-bottom: 3px !important;padding-top: 0px !important;padding-right: 0px !important;padding-bottom: 0px !important;padding-left: 0px !important;}&#8220; css_icon=&#8220;.vc_custom_1662447645115{padding-left: 3px !important;}&#8220; title=&#8220;Abschluss der 9. Schulstufe&#8220;]Nutze das Jahr mit Schnuppertagen und praxisnahem Unterricht um deinen Traumlehrberuf zu finden![\/stm_icon_box][stm_icon_box title_holder=&#8220;h4&#8243; hover_pos=&#8220;none&#8220; icon=&#8220;fa-icon-stm_icon_graduation-hat&#8220; icon_size=&#8220;30&#8243; icon_align=&#8220;left&#8220; icon_width=&#8220;35&#8243; icon_color=&#8220;#eab830&#8243; box_text_color=&#8220;#555555&#8243; css=&#8220;.vc_custom_1661842659478{margin-bottom: 3px !important;padding-top: 0px !important;padding-right: 0px !important;padding-bottom: 0px !important;padding-left: 0px !important;}&#8220; css_icon=&#8220;.vc_custom_1661842659477{padding-left: 3px !important;}&#8220; title=&#8220;Fit f\u00fcr die Zukunft&#8220;]Nach dem erfolgreichen Abschluss kannst du direkt ins Berufsleben einsteigen oder eine weitere schulische Ausbildung starten.[\/stm_icon_box][\/vc_column][vc_column width=&#8220;1\/2&#8243;][vc_single_image image=&#8220;5904&#8243; img_size=&#8220;full&#8220; css=&#8220;.vc_custom_1661839814335{margin-top: 16px !important;margin-bottom: 88px !important;}&#8220;][vc_tta_tabs color=&#8220;blue&#8220; alignment=&#8220;center&#8220; active_section=&#8220;1&#8243; css=&#8220;.vc_custom_1661841142141{background-color: #f0f2f5 !important;}&#8220;][vc_tta_section i_icon_fontawesome=&#8220;fa-icon-stm_icon_diploma_paper&#8220; add_icon=&#8220;true&#8220; title=&#8220;Zusatzausbildungen&#8220; tab_id=&#8220;1661840064679-d7b3e64d-89a1&#8243;][stm_icon_box hover_pos=&#8220;none&#8220; icon=&#8220;fas fa-medkit&#8220; icon_color=&#8220;#0175b2&#8243; title=&#8220;Erste-Hilfe-Kurs&#8220;]<\/p>\n<div class=\"siteorigin-widget-tinymce textwidget\">\n<div class=\"siteorigin-widget-tinymce textwidget\">\n<p>In der ersten Klasse (egal welcher Schultyp) absolvierst du einen Grundkurs f\u00fcr Erste Hilfe im Ausma\u00df von 16 Stunden. Unsere Erste-Hilfe-beauftragten-LehrerInnen zeigen dir die richtigen Handgriffe bei der stabilen Seitenlage, erkl\u00e4ren dir die Wiederbelebung, den Druckverband oder das Entfernen eines Motorradhelmes nach einem Unfall.<\/p>\n<p>Mit diesem Wissen kannst du der Ersten-Hilfe-Pflicht ohne Probleme nachkommen. <strong>Weiters ist dieser Erste-Hilfe-Kurs bereits f\u00fcr deinen F\u00fchrerschein g\u00fcltig.<\/strong><\/div>\n<\/div>\n<p>[\/stm_icon_box][\/vc_tta_section][vc_tta_section i_icon_fontawesome=&#8220;fa fa-table&#8220; add_icon=&#8220;true&#8220; title=&#8220;Stundentafel&#8220; tab_id=&#8220;1661840064698-609faaba-6d1e&#8220;][vc_single_image image=&#8220;8472&#8243; img_size=&#8220;medium&#8220; alignment=&#8220;center&#8220; onclick=&#8220;link_image&#8220; css=&#8220;&#8220;][vc_btn title=&#8220;Stundentafel herunterladen&#8220; color=&#8220;primary&#8220; align=&#8220;center&#8220; i_icon_fontawesome=&#8220;fas fa-file-download&#8220; css=&#8220;&#8220; add_icon=&#8220;true&#8220; link=&#8220;url:https%3A%2F%2Fwww.hlwkrieglach.at%2Fhlwneu%2Fwp-content%2Fuploads%2F2022%2F08%2FStudentafel_FWB.pdf|target:_blank&#8220;][\/vc_tta_section][\/vc_tta_tabs][\/vc_column][\/vc_row][vc_row][vc_column][vc_cta h2=&#8220;Nutze deine Chance&#8220; h2_font_container=&#8220;tag:h3|text_align:left&#8220; h2_google_fonts=&#8220;font_family:Montserrat%3Aregular%2C700|font_style:700%20bold%20regular%3A700%3Anormal&#8220; add_button=&#8220;right&#8220; btn_title=&#8220;Infos zur Anmeldung&#8220; btn_color=&#8220;primary&#8220; btn_align=&#8220;right&#8220; btn_i_icon_fontawesome=&#8220;far fa-arrow-alt-circle-right&#8220; use_custom_fonts_h2=&#8220;true&#8220; btn_add_icon=&#8220;true&#8220; btn_link=&#8220;url:https%3A%2F%2Fwww.hlwkrieglach.at%2Fhlwneu%2Fschueleranmeldung%2F|title:Sch%C3%BCleranmeldung&#8220;]und melde dich f\u00fcrs n\u00e4chste Schuljahr an, um dich im Rahmen des 9. Schuljahres optimal auf deinen Lehrberuf vorzubereiten.[\/vc_cta][\/vc_column][\/vc_row]<\/p>\n<\/div>","protected":false},"excerpt":{"rendered":"<p>[vc_row css=&#8220;.vc_custom_1435816078010{margin-bottom: 15px !important;}&#8220;][vc_column width=&#8220;1\/2&#8243;][vc_column_text css=&#8220;.vc_custom_1661842838569{margin-bottom: 32px !important;}&#8220;] Schwerpunkte Die 1-j\u00e4hrige Fachschule f\u00fcr wirtschaftliche Berufe ist deine optimale Vorbereitung f\u00fcr den Berufseinstieg. W\u00e4hrend des Schuljahres kannst du zwei Schulwochen berufspraktische Tage in Betrieben absolvieren und so verschiedenste Berufe hautnah erleben.[\/vc_column_text][vc_separator color=&#8220;orange&#8220; align=&#8220;align_left&#8220; border_width=&#8220;3&#8243; el_width=&#8220;30&#8243;][vc_column_text css=&#8220;.vc_custom_1661843647464{margin-bottom: 32px !important;}&#8220;] Was erwartet dich? eine attraktive Alternative zur Polytechnischen [&hellip;]<\/p>\n","protected":false},"author":1,"featured_media":0,"parent":8,"menu_order":0,"comment_status":"closed","ping_status":"closed","template":"","meta":{"footnotes":""},"class_list":["post-5752","page","type-page","status-publish","hentry"],"_links":{"self":[{"href":"https:\/\/www.hlwkrieglach.at\/hlwneu\/wp-json\/wp\/v2\/pages\/5752","targetHints":{"allow":["GET"]}}],"collection":[{"href":"https:\/\/www.hlwkrieglach.at\/hlwneu\/wp-json\/wp\/v2\/pages"}],"about":[{"href":"https:\/\/www.hlwkrieglach.at\/hlwneu\/wp-json\/wp\/v2\/types\/page"}],"author":[{"embeddable":true,"href":"https:\/\/www.hlwkrieglach.at\/hlwneu\/wp-json\/wp\/v2\/users\/1"}],"replies":[{"embeddable":true,"href":"https:\/\/www.hlwkrieglach.at\/hlwneu\/wp-json\/wp\/v2\/comments?post=5752"}],"version-history":[{"count":51,"href":"https:\/\/www.hlwkrieglach.at\/hlwneu\/wp-json\/wp\/v2\/pages\/5752\/revisions"}],"predecessor-version":[{"id":8473,"href":"https:\/\/www.hlwkrieglach.at\/hlwneu\/wp-json\/wp\/v2\/pages\/5752\/revisions\/8473"}],"up":[{"embeddable":true,"href":"https:\/\/www.hlwkrieglach.at\/hlwneu\/wp-json\/wp\/v2\/pages\/8"}],"wp:attachment":[{"href":"https:\/\/www.hlwkrieglach.at\/hlwneu\/wp-json\/wp\/v2\/media?parent=5752"}],"curies":[{"name":"wp","href":"https:\/\/api.w.org\/{rel}","templated":true}]}}