{"id":6047,"date":"2022-08-30T13:54:40","date_gmt":"2022-08-30T11:54:40","guid":{"rendered":"https:\/\/www.hlwkrieglach.at\/hlwneu\/?page_id=6047"},"modified":"2022-10-19T10:59:27","modified_gmt":"2022-10-19T08:59:27","slug":"leitbild","status":"publish","type":"page","link":"https:\/\/www.hlwkrieglach.at\/hlwneu\/leitbild\/","title":{"rendered":"Leitbild"},"content":{"rendered":"<div class=\"wpb-content-wrapper\"><p>[vc_row][vc_column][vc_column_text]<\/p>\n<div class=\"the_content the_content_wrapper\">\n<h2>WIR BILDEN ZUKUNFT<\/h2>\n<p>Das Leitbild unserer Schule orientiert sich am Leitbild des humanberuflichen Schulwesens. Es wurde von Lehrer*innen erstellt und von Mitgliedern der Schulgemeinschaft einstimmig verabschiedet.<\/p>\n<\/div>\n<p>[\/vc_column_text][\/vc_column][\/vc_row][vc_row][vc_column][stm_icon_box hover_pos=&#8220;none&#8220; icon=&#8220;fa-icon-stm_icon_diamond&#8220; icon_size=&#8220;40&#8243; icon_align=&#8220;left&#8220; icon_color=&#8220;#ffffff&#8220; title=&#8220;Vielseitig &amp; Kompetenzorientiert&#8220; box_icon_bg_color=&#8220;#1e73be&#8220;]Die besondere St\u00e4rke unserer verschiedenen Schultypen liegt in der Vielseitigkeit.<\/p>\n<p>Wir bieten eine praxisnahe Ausbildung im wirtschaftlichen, kaufm\u00e4nnischen und gastronomischen Bereich auf europ\u00e4ischem Niveau. Dar\u00fcber hinaus vermitteln wir eine umfassende fremdsprachliche Kompetenz und f\u00f6rdern die Kreativit\u00e4t und Weltoffenheit unserer Sch\u00fcler*innen.<\/p>\n<p>Die st\u00e4ndige Fort- und Weiterbildung unserer Lehrenden erm\u00f6glicht einen dynamischen, kompetenzorientierten und zeitgem\u00e4\u00dfen Unterricht.<\/p>\n<p>Transparenz, Schulentwicklung und Qualit\u00e4tsmanagement sind f\u00fcr uns selbstverst\u00e4ndlich.<\/p>\n<p>Unseren Absolvent*innen er\u00f6ffnen sich vielf\u00e4ltige Berufsfelder. Durch eine umfassende Allgemeinbildung sind sie zur Fortbildung in weiterf\u00fchrenden Bildungseinrichtungen bestens vorbereitet.[\/stm_icon_box][stm_icon_box hover_pos=&#8220;none&#8220; icon=&#8220;fas fa-comments&#8220; icon_size=&#8220;40&#8243; icon_align=&#8220;left&#8220; box_align=&#8220;center&#8220; icon_color=&#8220;#ffffff&#8220; title=&#8220;Praxisorientiert&#8220; box_icon_bg_color=&#8220;#1e73be&#8220;]Eine fundierte praxisnahe Ausbildung erm\u00f6glicht den sofortigen Einstieg ins Berufsleben.<\/p>\n<p>Pflichtpraktika vermitteln wertvolle Berufserfahrung in verschiedenen Bereichen und stellen somit eine wichtige Orientierungshilfe f\u00fcr die k\u00fcnftige Berufswahl dar.[\/stm_icon_box][stm_icon_box hover_pos=&#8220;none&#8220; icon=&#8220;fa-icon-stm_icon_handshake&#8220; icon_size=&#8220;40&#8243; icon_align=&#8220;left&#8220; box_align=&#8220;center&#8220; icon_color=&#8220;#ffffff&#8220; title=&#8220;Sozial&#8220; box_icon_bg_color=&#8220;#1e73be&#8220;]Wertsch\u00e4tzung, Menschlichkeit und Toleranz bestimmen unseren Schulalltag.<\/p>\n<p>Die gute Zusammenarbeit zwischen Sch\u00fcler*innen, Eltern, Lehrer*nnen und dem gesamten Schulpersonal sichert ein offenes Gespr\u00e4chsklima, eine respektvolle Konfliktbew\u00e4ltigung sowie soziales, demokratisches und verantwortungsbewusstes Handeln.<\/p>\n<p>Integration bedeutet f\u00fcr uns die Individualit\u00e4t jeder\/s Einzelnen anzuerkennen.<\/p>\n<p>Wir motivieren engagierte junge Menschen zu hochwertigen Leistungen und einer positiven Lebenseinstellung.<\/p>\n<p>Wir legen Wert auf Eigenverantwortung und Teamf\u00e4higkeit und schaffen Raum f\u00fcr die Entwicklung pers\u00f6nlicher Begabungen.[\/stm_icon_box][stm_icon_box hover_pos=&#8220;none&#8220; icon=&#8220;fa fa-leaf&#8220; icon_size=&#8220;40&#8243; icon_align=&#8220;left&#8220; box_align=&#8220;center&#8220; icon_color=&#8220;#ffffff&#8220; title=&#8220;Umweltbewusst &amp; Nachhaltig&#8220; box_icon_bg_color=&#8220;#1e73be&#8220;]Als gepr\u00fcfte \u201eUmweltzeichen-Schule\u201c bekennen wir uns zu Umweltschutz und Nachhaltigkeit. Durch kontinuierliche Umsetzung des Umweltgedankens entwickeln unsere Sch\u00fcler*innen Verantwortungsbewusstsein f\u00fcr die Umwelt und die Zukunft der Gesellschaft.<\/p>\n<p>Als \u201eGesunde Schule\u201c steht die Gesundheitsf\u00f6rderung unserer Sch\u00fclerinnen und Sch\u00fcler im Fokus.\u201c[\/stm_icon_box][\/vc_column][\/vc_row]<\/p>\n<\/div>","protected":false},"excerpt":{"rendered":"<p>[vc_row][vc_column][vc_column_text] WIR BILDEN ZUKUNFT Das Leitbild unserer Schule orientiert sich am Leitbild des humanberuflichen Schulwesens. Es wurde von Lehrer*innen erstellt und von Mitgliedern der Schulgemeinschaft einstimmig verabschiedet. [\/vc_column_text][\/vc_column][\/vc_row][vc_row][vc_column][stm_icon_box hover_pos=&#8220;none&#8220; icon=&#8220;fa-icon-stm_icon_diamond&#8220; icon_size=&#8220;40&#8243; icon_align=&#8220;left&#8220; icon_color=&#8220;#ffffff&#8220; title=&#8220;Vielseitig &amp; Kompetenzorientiert&#8220; box_icon_bg_color=&#8220;#1e73be&#8220;]Die besondere St\u00e4rke unserer verschiedenen Schultypen liegt in der Vielseitigkeit. Wir bieten eine praxisnahe Ausbildung im wirtschaftlichen, kaufm\u00e4nnischen und [&hellip;]<\/p>\n","protected":false},"author":1,"featured_media":0,"parent":0,"menu_order":0,"comment_status":"closed","ping_status":"closed","template":"","meta":{"footnotes":""},"class_list":["post-6047","page","type-page","status-publish","hentry"],"_links":{"self":[{"href":"https:\/\/www.hlwkrieglach.at\/hlwneu\/wp-json\/wp\/v2\/pages\/6047","targetHints":{"allow":["GET"]}}],"collection":[{"href":"https:\/\/www.hlwkrieglach.at\/hlwneu\/wp-json\/wp\/v2\/pages"}],"about":[{"href":"https:\/\/www.hlwkrieglach.at\/hlwneu\/wp-json\/wp\/v2\/types\/page"}],"author":[{"embeddable":true,"href":"https:\/\/www.hlwkrieglach.at\/hlwneu\/wp-json\/wp\/v2\/users\/1"}],"replies":[{"embeddable":true,"href":"https:\/\/www.hlwkrieglach.at\/hlwneu\/wp-json\/wp\/v2\/comments?post=6047"}],"version-history":[{"count":11,"href":"https:\/\/www.hlwkrieglach.at\/hlwneu\/wp-json\/wp\/v2\/pages\/6047\/revisions"}],"predecessor-version":[{"id":6846,"href":"https:\/\/www.hlwkrieglach.at\/hlwneu\/wp-json\/wp\/v2\/pages\/6047\/revisions\/6846"}],"wp:attachment":[{"href":"https:\/\/www.hlwkrieglach.at\/hlwneu\/wp-json\/wp\/v2\/media?parent=6047"}],"curies":[{"name":"wp","href":"https:\/\/api.w.org\/{rel}","templated":true}]}}