{"id":92,"date":"2017-10-30T12:13:54","date_gmt":"2017-10-30T11:13:54","guid":{"rendered":"http:\/\/9vg3y.w4yserver.at\/?page_id=92"},"modified":"2024-11-18T12:15:26","modified_gmt":"2024-11-18T11:15:26","slug":"bibliothek","status":"publish","type":"page","link":"https:\/\/www.hlwkrieglach.at\/hlwneu\/bibliothek\/","title":{"rendered":"Bibliothek"},"content":{"rendered":"<div class=\"wpb-content-wrapper\"><p>[vc_row][vc_column width=&#8220;1\/2&#8243;][vc_column_text css=&#8220;&#8220;]Die Bibliothek verf\u00fcgt \u00fcber Tageszeitungen, Zeitschriften, ca. 5000 B\u00fccher und einen Internetanschluss.<br \/>\nWeiters ist der gesamte Medienbestand unter\u00a0<a href=\"http:\/\/hbla-krieglach.bibbs.cc\" target=\"_blank\" rel=\"noopener noreferrer\">http:\/\/hbla-krieglach.bibbs.cc<\/a> oder unter\u00a0<a href=\"http:\/\/www.bibliotheken.at\/index.asp?startverbund=&amp;startart=&amp;startland=\" target=\"_blank\" rel=\"noopener noreferrer\">www.bibliotheken.at<\/a> einsehbar.<\/p>\n<p><strong>\u00d6ffnungszeiten<\/strong><\/p>\n<table border=\"0\" cellspacing=\"1\" cellpadding=\"1\">\n<tbody>\n<tr>\n<td>Donnerstag<\/td>\n<td>10:25 &#8211; 12:05 Uhr<\/td>\n<\/tr>\n<tr>\n<td>Freitag<\/td>\n<td>09:35 &#8211; 10:25 Uhr<\/td>\n<\/tr>\n<\/tbody>\n<\/table>\n<p><i class=\"fa fa-envelope \" ><\/i>\u00a0<a class=\"mailto\" href=\"&#x6d;&#97;&#x69;&#x6c;&#116;&#x6f;&#x3a;&#98;&#x69;&#x62;&#108;&#x69;&#x6f;t&#x68;&#x65;k&#x40;&#104;l&#x77;&#107;r&#x69;&#101;g&#x6c;&#97;c&#x68;&#46;a&#x74;\">&#x62;&#105;b&#x6c;&#x69;&#111;t&#x68;&#x65;&#107;&#64;&#x68;&#108;w&#x6b;&#x72;&#105;e&#x67;&#x6c;&#97;c&#x68;&#46;&#97;&#x74;<\/a>[\/vc_column_text][\/vc_column][vc_column width=&#8220;1\/4&#8243;][vc_single_image image=&#8220;6698&#8243; img_size=&#8220;medium&#8220; add_caption=&#8220;yes&#8220; alignment=&#8220;center&#8220;][\/vc_column][vc_column width=&#8220;1\/4&#8243;][vc_single_image image=&#8220;6699&#8243; img_size=&#8220;medium&#8220; add_caption=&#8220;yes&#8220; alignment=&#8220;center&#8220;][\/vc_column][\/vc_row]<\/p>\n<\/div>","protected":false},"excerpt":{"rendered":"<p>[vc_row][vc_column width=&#8220;1\/2&#8243;][vc_column_text css=&#8220;&#8220;]Die Bibliothek verf\u00fcgt \u00fcber Tageszeitungen, Zeitschriften, ca. 5000 B\u00fccher und einen Internetanschluss. Weiters ist der gesamte Medienbestand unter\u00a0http:\/\/hbla-krieglach.bibbs.cc oder unter\u00a0www.bibliotheken.at einsehbar. \u00d6ffnungszeiten Donnerstag 10:25 &#8211; 12:05 Uhr Freitag 09:35 &#8211; 10:25 Uhr \u00a0&#x62;&#x69;&#x62;&#x6c;&#x69;&#x6f;&#x74;&#104;&#101;&#107;&#64;&#104;lwkr&#x69;&#x65;&#x67;&#x6c;&#x61;&#x63;&#x68;&#x2e;&#97;&#116;[\/vc_column_text][\/vc_column][vc_column width=&#8220;1\/4&#8243;][vc_single_image image=&#8220;6698&#8243; img_size=&#8220;medium&#8220; add_caption=&#8220;yes&#8220; alignment=&#8220;center&#8220;][\/vc_column][vc_column width=&#8220;1\/4&#8243;][vc_single_image image=&#8220;6699&#8243; img_size=&#8220;medium&#8220; add_caption=&#8220;yes&#8220; alignment=&#8220;center&#8220;][\/vc_column][\/vc_row]<\/p>\n","protected":false},"author":1,"featured_media":0,"parent":0,"menu_order":0,"comment_status":"closed","ping_status":"closed","template":"","meta":{"footnotes":""},"class_list":["post-92","page","type-page","status-publish","hentry"],"_links":{"self":[{"href":"https:\/\/www.hlwkrieglach.at\/hlwneu\/wp-json\/wp\/v2\/pages\/92","targetHints":{"allow":["GET"]}}],"collection":[{"href":"https:\/\/www.hlwkrieglach.at\/hlwneu\/wp-json\/wp\/v2\/pages"}],"about":[{"href":"https:\/\/www.hlwkrieglach.at\/hlwneu\/wp-json\/wp\/v2\/types\/page"}],"author":[{"embeddable":true,"href":"https:\/\/www.hlwkrieglach.at\/hlwneu\/wp-json\/wp\/v2\/users\/1"}],"replies":[{"embeddable":true,"href":"https:\/\/www.hlwkrieglach.at\/hlwneu\/wp-json\/wp\/v2\/comments?post=92"}],"version-history":[{"count":74,"href":"https:\/\/www.hlwkrieglach.at\/hlwneu\/wp-json\/wp\/v2\/pages\/92\/revisions"}],"predecessor-version":[{"id":8482,"href":"https:\/\/www.hlwkrieglach.at\/hlwneu\/wp-json\/wp\/v2\/pages\/92\/revisions\/8482"}],"wp:attachment":[{"href":"https:\/\/www.hlwkrieglach.at\/hlwneu\/wp-json\/wp\/v2\/media?parent=92"}],"curies":[{"name":"wp","href":"https:\/\/api.w.org\/{rel}","templated":true}]}}