{"id":94,"date":"2017-10-30T12:14:19","date_gmt":"2017-10-30T11:14:19","guid":{"rendered":"http:\/\/9vg3y.w4yserver.at\/?page_id=94"},"modified":"2026-03-26T12:05:58","modified_gmt":"2026-03-26T11:05:58","slug":"mittagstisch","status":"publish","type":"page","link":"https:\/\/www.hlwkrieglach.at\/hlwneu\/mittagstisch\/","title":{"rendered":"Mittagstisch"},"content":{"rendered":"<div class=\"wpb-content-wrapper\"><p>[vc_row][vc_column width=&#8220;2\/3&#8243;][vc_column_text css=&#8220;&#8220;]<\/p>\n<p class=\"content\">An der HLW-Krieglach gibt es die M\u00f6glichkeit, in der Mittagspause ein 2-g\u00e4ngiges Men\u00fc (wahlweise Mischkost oder vegetarische Kost) zum Preis von \u20ac 4,50 zu konsumieren. Dieses wird t\u00e4glich durch ein reichhaltiges Salatbuffet erg\u00e4nzt. Je nach Stundenplan kann man sich f\u00fcr die gew\u00fcnschten Tage anmelden.<\/p>\n<p>Wir w\u00fcnschen einen guten Appetit!<\/p>\n<p><a href=\"https:\/\/www.hlwkrieglach.at\/hlwneu\/wp-content\/uploads\/2026\/01\/Speiseplan_24.02.-16.04.2026.pdf\" target=\"_blank\" rel=\"noopener\">Speiseplan 24.02.2026 &#8211; 16.04.2026<\/a><\/p>\n<p><a href=\"https:\/\/www.hlwkrieglach.at\/hlwneu\/wp-content\/uploads\/2026\/03\/Speiseplan_21.04.-25.06.2026-1.pdf\" target=\"_blank\" rel=\"noopener\">Speiseplan 21.04.2026 &#8211; 25.06.2026<\/a>[\/vc_column_text][\/vc_column][\/vc_row]<\/p>\n<\/div>","protected":false},"excerpt":{"rendered":"<p>[vc_row][vc_column width=&#8220;2\/3&#8243;][vc_column_text css=&#8220;&#8220;] An der HLW-Krieglach gibt es die M\u00f6glichkeit, in der Mittagspause ein 2-g\u00e4ngiges Men\u00fc (wahlweise Mischkost oder vegetarische Kost) zum Preis von \u20ac 4,50 zu konsumieren. Dieses wird t\u00e4glich durch ein reichhaltiges Salatbuffet erg\u00e4nzt. Je nach Stundenplan kann man sich f\u00fcr die gew\u00fcnschten Tage anmelden. Wir w\u00fcnschen einen guten Appetit! Speiseplan 24.02.2026 &#8211; [&hellip;]<\/p>\n","protected":false},"author":1,"featured_media":0,"parent":0,"menu_order":0,"comment_status":"closed","ping_status":"closed","template":"","meta":{"footnotes":""},"class_list":["post-94","page","type-page","status-publish","hentry"],"_links":{"self":[{"href":"https:\/\/www.hlwkrieglach.at\/hlwneu\/wp-json\/wp\/v2\/pages\/94","targetHints":{"allow":["GET"]}}],"collection":[{"href":"https:\/\/www.hlwkrieglach.at\/hlwneu\/wp-json\/wp\/v2\/pages"}],"about":[{"href":"https:\/\/www.hlwkrieglach.at\/hlwneu\/wp-json\/wp\/v2\/types\/page"}],"author":[{"embeddable":true,"href":"https:\/\/www.hlwkrieglach.at\/hlwneu\/wp-json\/wp\/v2\/users\/1"}],"replies":[{"embeddable":true,"href":"https:\/\/www.hlwkrieglach.at\/hlwneu\/wp-json\/wp\/v2\/comments?post=94"}],"version-history":[{"count":144,"href":"https:\/\/www.hlwkrieglach.at\/hlwneu\/wp-json\/wp\/v2\/pages\/94\/revisions"}],"predecessor-version":[{"id":9242,"href":"https:\/\/www.hlwkrieglach.at\/hlwneu\/wp-json\/wp\/v2\/pages\/94\/revisions\/9242"}],"wp:attachment":[{"href":"https:\/\/www.hlwkrieglach.at\/hlwneu\/wp-json\/wp\/v2\/media?parent=94"}],"curies":[{"name":"wp","href":"https:\/\/api.w.org\/{rel}","templated":true}]}}